{"id":2092,"date":"2014-03-31T03:53:02","date_gmt":"2014-03-31T03:53:02","guid":{"rendered":"http:\/\/themenectar.com\/demo\/salient-frostwave\/?page_id=2092"},"modified":"2025-09-02T16:16:07","modified_gmt":"2025-09-02T19:16:07","slug":"contact","status":"publish","type":"page","link":"https:\/\/adesigndivisorias.com\/en\/contact\/","title":{"rendered":"Contact"},"content":{"rendered":"<div id=\"fws_69e054a757e2c\"  data-column-margin=\"default\" data-midnight=\"dark\"  class=\"wpb_row vc_row-fluid vc_row full-width-content standard_section\"  style=\"padding-top: 0px; padding-bottom: 50px; \"><div class=\"row-bg-wrap\" data-bg-animation=\"none\" data-bg-overlay=\"false\"><div class=\"inner-wrap\"><div class=\"row-bg using-bg-color\"  style=\"background-color: #ffffff; \"><\/div><\/div><div class=\"row-bg-overlay\" ><\/div><\/div><div class=\"row_col_wrap_12 col span_12 dark left\">\n\t<div  class=\"vc_col-sm-6 wpb_column column_container vc_column_container col no-extra-padding inherit_tablet inherit_phone\"  data-t-w-inherits=\"default\" data-bg-cover=\"\" data-padding-pos=\"all\" data-has-bg-color=\"false\" data-bg-color=\"\" data-bg-opacity=\"1\" data-hover-bg=\"\" data-hover-bg-opacity=\"1\" data-animation=\"\" data-delay=\"0\" >\n\t\t<div class=\"vc_column-inner\" ><div class=\"column-bg-overlay-wrap\" data-bg-animation=\"none\"><div class=\"column-bg-overlay\"><\/div><\/div>\n\t\t\t<div class=\"wpb_wrapper\">\n\t\t\t\t\n\t<div class=\"wpb_raw_code wpb_content_element wpb_raw_html\" >\n\t\t<div class=\"wpb_wrapper\">\n\t\t\t<iframe loading=\"lazy\" src=\"https:\/\/www.google.com\/maps\/d\/u\/3\/embed?mid=1cX8wDUO2HCQucj7SfdZ1M9RQOfCrsl4&ehbc=2E312F\" width=\"640\" height=\"730\"><\/iframe>\n\t\t<\/div>\n\t<\/div>\n\n\t\t\t<\/div> \n\t\t<\/div>\n\t<\/div> \n\n\t<div style=\"\" class=\"vc_col-sm-6 wpb_column column_container vc_column_container col no-extra-padding inherit_tablet inherit_phone\" data-using-bg=\"true\" data-t-w-inherits=\"default\" data-bg-cover=\"\" data-padding-pos=\"all\" data-has-bg-color=\"true\" data-bg-color=\"#ffffff\" data-bg-opacity=\"1\" data-hover-bg=\"#ffffff\" data-hover-bg-opacity=\"1\" data-animation=\"\" data-delay=\"0\" >\n\t\t<div class=\"vc_column-inner\" ><div class=\"column-bg-overlay-wrap\" data-bg-animation=\"none\"><div class=\"column-bg-overlay\" style=\"opacity: 1; background-color: #ffffff;\"><\/div><\/div>\n\t\t\t<div class=\"wpb_wrapper\">\n\t\t\t\t\n<div class=\"wpb_text_column wpb_content_element  vc_custom_1618145826808\" >\n\t<div class=\"wpb_wrapper\">\n\t\t<h1>Contact<\/h1>\n\t<\/div>\n<\/div>\n\n\n\n\n<div class=\"wpb_text_column wpb_content_element  vc_custom_1618145833305\" >\n\t<div class=\"wpb_wrapper\">\n\t\t<h2><span style=\"color: #ba2521;\">Phone numbers<\/span><\/h2>\n<div id=\"gtx-trans\" style=\"position: absolute; left: 170px; top: -0.5625px;\">\n<div class=\"gtx-trans-icon\"><\/div>\n<\/div>\n\t<\/div>\n<\/div>\n\n\n\n\n<div class=\"wpb_text_column wpb_content_element  vc_custom_1756840294118\" >\n\t<div class=\"wpb_wrapper\">\n\t\t<ul>\n<li style=\"font-size: 20px;\">+ 55 11 4551-9157<\/li>\n<li style=\"font-size: 20px;\">+ 55 11 94780-7877<\/li>\n<\/ul>\n\t<\/div>\n<\/div>\n\n\n\n\n<div class=\"wpb_text_column wpb_content_element  vc_custom_1618145811716\" >\n\t<div class=\"wpb_wrapper\">\n\t\t<p style=\"font-size: 18px;\">If you have any questions, fill in the form below and send us a message and our team of consultants will get back to you.<\/p>\n\t<\/div>\n<\/div>\n\n\n\n\n\t<div class=\"wpb_raw_code wpb_content_element wpb_raw_html vc_custom_1618145804181\" >\n\t\t<div class=\"wpb_wrapper\">\n\t\t\t\n<div class=\"wpcf7 no-js\" id=\"wpcf7-f2727-o1\" lang=\"pt-BR\" dir=\"ltr\" data-wpcf7-id=\"2727\">\n<div class=\"screen-reader-response\"><p role=\"status\" aria-live=\"polite\" aria-atomic=\"true\"><\/p> <ul><\/ul><\/div>\n<form action=\"\/en\/wp-json\/wp\/v2\/pages\/2092#wpcf7-f2727-o1\" method=\"post\" class=\"wpcf7-form init\" aria-label=\"Formul\u00e1rios de contato\" novalidate=\"novalidate\" data-status=\"init\" data-trp-original-action=\"\/en\/wp-json\/wp\/v2\/pages\/2092#wpcf7-f2727-o1\">\n<fieldset class=\"hidden-fields-container\"><input type=\"hidden\" name=\"_wpcf7\" value=\"2727\" \/><input type=\"hidden\" name=\"_wpcf7_version\" value=\"6.1.5\" \/><input type=\"hidden\" name=\"_wpcf7_locale\" value=\"pt_BR\" \/><input type=\"hidden\" name=\"_wpcf7_unit_tag\" value=\"wpcf7-f2727-o1\" \/><input type=\"hidden\" name=\"_wpcf7_container_post\" value=\"0\" \/><input type=\"hidden\" name=\"_wpcf7_posted_data_hash\" value=\"\" \/><input type=\"hidden\" name=\"_wpcf7_recaptcha_response\" value=\"\" \/>\n<\/fieldset>\n<p><label> Name<br \/>\n<span class=\"wpcf7-form-control-wrap\" data-name=\"your-name\"><input size=\"40\" maxlength=\"400\" class=\"wpcf7-form-control wpcf7-text wpcf7-validates-as-required\" aria-required=\"true\" aria-invalid=\"false\" value=\"\" type=\"text\" name=\"your-name\" \/><\/span> <\/label>\n<\/p>\n<p><label> Email<br \/>\n<span class=\"wpcf7-form-control-wrap\" data-name=\"your-email\"><input size=\"40\" maxlength=\"400\" class=\"wpcf7-form-control wpcf7-email wpcf7-validates-as-required wpcf7-text wpcf7-validates-as-email\" aria-required=\"true\" aria-invalid=\"false\" value=\"\" type=\"email\" name=\"your-email\" \/><\/span> <\/label>\n<\/p>\n<p><label> Phone \/ WhatsApp<br \/>\n<span class=\"wpcf7-form-control-wrap\" data-name=\"your-number\"><input size=\"40\" maxlength=\"400\" class=\"wpcf7-form-control wpcf7-text wpcf7-validates-as-required\" aria-required=\"true\" aria-invalid=\"false\" value=\"\" type=\"text\" name=\"your-number\" \/><\/span> <\/label>\n<\/p>\n<p><label> Company<br \/>\n<span class=\"wpcf7-form-control-wrap\" data-name=\"your-subject\"><input size=\"40\" maxlength=\"400\" class=\"wpcf7-form-control wpcf7-text wpcf7-validates-as-required\" aria-required=\"true\" aria-invalid=\"false\" value=\"\" type=\"text\" name=\"your-subject\" \/><\/span> <\/label>\n<\/p>\n<p><label> Message<br \/>\n<span class=\"wpcf7-form-control-wrap\" data-name=\"your-message\"><textarea cols=\"40\" rows=\"10\" maxlength=\"2000\" class=\"wpcf7-form-control wpcf7-textarea\" aria-invalid=\"false\" name=\"your-message\"><\/textarea><\/span> <\/label>\n<\/p>\n<p><input class=\"wpcf7-form-control wpcf7-submit has-spinner\" type=\"submit\" value=\"Send\" \/>\n<\/p><div class=\"wpcf7-response-output\" aria-hidden=\"true\"><\/div>\n<input type=\"hidden\" name=\"trp-form-language\" value=\"en\"\/><\/form>\n<\/div>\n\n\t\t<\/div>\n\t<\/div>\n<div class=\"divider-wrap\" data-alignment=\"default\"><div style=\"height: 50px;\" class=\"divider\"><\/div><\/div>\n\t\t\t<\/div> \n\t\t<\/div>\n\t<\/div> \n<\/div><\/div>","protected":false},"excerpt":{"rendered":"Contato Telefones + 55 11 4551-9157 + 55 11 94780-7877 Caso tenha alguma d\u00favida, preencha o formul\u00e1rio abaixo e mande uma mensagem que a equipe de consultores responder\u00e1. Nome Email...","protected":false},"author":1,"featured_media":0,"parent":0,"menu_order":10,"comment_status":"closed","ping_status":"open","template":"","meta":{"_joinchat":[],"footnotes":""},"class_list":["post-2092","page","type-page","status-publish"],"acf":[],"_links":{"self":[{"href":"https:\/\/adesigndivisorias.com\/en\/wp-json\/wp\/v2\/pages\/2092","targetHints":{"allow":["GET"]}}],"collection":[{"href":"https:\/\/adesigndivisorias.com\/en\/wp-json\/wp\/v2\/pages"}],"about":[{"href":"https:\/\/adesigndivisorias.com\/en\/wp-json\/wp\/v2\/types\/page"}],"author":[{"embeddable":true,"href":"https:\/\/adesigndivisorias.com\/en\/wp-json\/wp\/v2\/users\/1"}],"replies":[{"embeddable":true,"href":"https:\/\/adesigndivisorias.com\/en\/wp-json\/wp\/v2\/comments?post=2092"}],"version-history":[{"count":25,"href":"https:\/\/adesigndivisorias.com\/en\/wp-json\/wp\/v2\/pages\/2092\/revisions"}],"predecessor-version":[{"id":6243,"href":"https:\/\/adesigndivisorias.com\/en\/wp-json\/wp\/v2\/pages\/2092\/revisions\/6243"}],"wp:attachment":[{"href":"https:\/\/adesigndivisorias.com\/en\/wp-json\/wp\/v2\/media?parent=2092"}],"curies":[{"name":"wp","href":"https:\/\/api.w.org\/{rel}","templated":true}]}}